{"id":276,"date":"2025-03-19T22:28:56","date_gmt":"2025-03-19T22:28:56","guid":{"rendered":"https:\/\/welberamaro.com\/?page_id=276"},"modified":"2025-03-19T22:28:56","modified_gmt":"2025-03-19T22:28:56","slug":"sobre-mim","status":"publish","type":"page","link":"https:\/\/welberamaro.com\/index.php\/sobre-mim\/","title":{"rendered":"Sobre mim"},"content":{"rendered":"<p>Welber Amaro Santos de Souza \u00e9 um profissional com s\u00f3lida forma\u00e7\u00e3o acad\u00eamica e ampla experi\u00eancia nas \u00e1reas de Administra\u00e7\u00e3o e Tecnologia da Informa\u00e7\u00e3o. Graduado em Administra\u00e7\u00e3o de Empresas pela PUC Minas, possui especializa\u00e7\u00e3o em Inform\u00e1tica Aplicada e mestrado em Educa\u00e7\u00e3o Tecnol\u00f3gica, ambos pelo CEFET-MG.<\/p>\n<p>Em sua trajet\u00f3ria profissional, Welber atuou como professor no curso de Engenharia de Produ\u00e7\u00e3o Civil do CEFET-MG e em cursos de especializa\u00e7\u00e3o na FUMEC e no pr\u00f3prio CEFET-MG. Al\u00e9m disso, exerceu o cargo de Diretor de TI da Comunidade Linux e da CITIS, participando de diversos projetos de implanta\u00e7\u00e3o de software livre em empresas de Minas Gerais.<\/p>\n<p>Welber tamb\u00e9m contribuiu para a literatura t\u00e9cnica, sendo autor do livro &#8220;Squid &#8211; Guia de Consulta R\u00e1pida&#8221;, publicado pela Novatec Editora.<\/p>\n<p>Sua atua\u00e7\u00e3o abrange ainda a participa\u00e7\u00e3o em eventos acad\u00eamicos e a publica\u00e7\u00e3o de artigos cient\u00edficos, como &#8220;O processo de implanta\u00e7\u00e3o de cursos t\u00e9cnicos na modalidade a dist\u00e2ncia no CEFET-MG com o apoio do MEC&#8221;.<\/p>\n","protected":false},"excerpt":{"rendered":"<p>Welber Amaro Santos de Souza \u00e9 um profissional com s\u00f3lida forma\u00e7\u00e3o acad\u00eamica e ampla experi\u00eancia nas \u00e1reas de Administra\u00e7\u00e3o e Tecnologia da Informa\u00e7\u00e3o. Graduado em Administra\u00e7\u00e3o de Empresas pela PUC Minas, possui especializa\u00e7\u00e3o em Inform\u00e1tica Aplicada e mestrado em Educa\u00e7\u00e3o Tecnol\u00f3gica, ambos pelo CEFET-MG. Em sua trajet\u00f3ria profissional, Welber atuou como professor no curso de [&hellip;]<\/p>\n","protected":false},"author":1,"featured_media":0,"parent":0,"menu_order":0,"comment_status":"closed","ping_status":"closed","template":"","meta":{"footnotes":""},"class_list":["post-276","page","type-page","status-publish","hentry"],"yoast_head":"<!-- This site is optimized with the Yoast SEO plugin v27.4 - https:\/\/yoast.com\/product\/yoast-seo-wordpress\/ -->\n<title>Sobre mim - Welber Amaro<\/title>\n<meta name=\"robots\" content=\"index, follow, max-snippet:-1, max-image-preview:large, max-video-preview:-1\" \/>\n<link rel=\"canonical\" href=\"https:\/\/welberamaro.com\/index.php\/sobre-mim\/\" \/>\n<meta property=\"og:locale\" content=\"pt_BR\" \/>\n<meta property=\"og:type\" content=\"article\" \/>\n<meta property=\"og:title\" content=\"Sobre mim - Welber Amaro\" \/>\n<meta property=\"og:description\" content=\"Welber Amaro Santos de Souza \u00e9 um profissional com s\u00f3lida forma\u00e7\u00e3o acad\u00eamica e ampla experi\u00eancia nas \u00e1reas de Administra\u00e7\u00e3o e Tecnologia da Informa\u00e7\u00e3o. Graduado em Administra\u00e7\u00e3o de Empresas pela PUC Minas, possui especializa\u00e7\u00e3o em Inform\u00e1tica Aplicada e mestrado em Educa\u00e7\u00e3o Tecnol\u00f3gica, ambos pelo CEFET-MG. Em sua trajet\u00f3ria profissional, Welber atuou como professor no curso de [&hellip;]\" \/>\n<meta property=\"og:url\" content=\"https:\/\/welberamaro.com\/index.php\/sobre-mim\/\" \/>\n<meta property=\"og:site_name\" content=\"Welber Amaro\" \/>\n<meta name=\"twitter:card\" content=\"summary_large_image\" \/>\n<meta name=\"twitter:label1\" content=\"Est. tempo de leitura\" \/>\n\t<meta name=\"twitter:data1\" content=\"1 minuto\" \/>\n<script type=\"application\/ld+json\" class=\"yoast-schema-graph\">{\"@context\":\"https:\\\/\\\/schema.org\",\"@graph\":[{\"@type\":\"WebPage\",\"@id\":\"https:\\\/\\\/welberamaro.com\\\/index.php\\\/sobre-mim\\\/\",\"url\":\"https:\\\/\\\/welberamaro.com\\\/index.php\\\/sobre-mim\\\/\",\"name\":\"Sobre mim - Welber Amaro\",\"isPartOf\":{\"@id\":\"https:\\\/\\\/welberamaro.com\\\/#website\"},\"datePublished\":\"2025-03-19T22:28:56+00:00\",\"breadcrumb\":{\"@id\":\"https:\\\/\\\/welberamaro.com\\\/index.php\\\/sobre-mim\\\/#breadcrumb\"},\"inLanguage\":\"pt-BR\",\"potentialAction\":[{\"@type\":\"ReadAction\",\"target\":[\"https:\\\/\\\/welberamaro.com\\\/index.php\\\/sobre-mim\\\/\"]}]},{\"@type\":\"BreadcrumbList\",\"@id\":\"https:\\\/\\\/welberamaro.com\\\/index.php\\\/sobre-mim\\\/#breadcrumb\",\"itemListElement\":[{\"@type\":\"ListItem\",\"position\":1,\"name\":\"In\u00edcio\",\"item\":\"https:\\\/\\\/welberamaro.com\\\/\"},{\"@type\":\"ListItem\",\"position\":2,\"name\":\"Sobre mim\"}]},{\"@type\":\"WebSite\",\"@id\":\"https:\\\/\\\/welberamaro.com\\\/#website\",\"url\":\"https:\\\/\\\/welberamaro.com\\\/\",\"name\":\"Welber Amaro\",\"description\":\"Apaixonado por tecnologia\",\"potentialAction\":[{\"@type\":\"SearchAction\",\"target\":{\"@type\":\"EntryPoint\",\"urlTemplate\":\"https:\\\/\\\/welberamaro.com\\\/?s={search_term_string}\"},\"query-input\":{\"@type\":\"PropertyValueSpecification\",\"valueRequired\":true,\"valueName\":\"search_term_string\"}}],\"inLanguage\":\"pt-BR\"}]}<\/script>\n<!-- \/ Yoast SEO plugin. -->","yoast_head_json":{"title":"Sobre mim - Welber Amaro","robots":{"index":"index","follow":"follow","max-snippet":"max-snippet:-1","max-image-preview":"max-image-preview:large","max-video-preview":"max-video-preview:-1"},"canonical":"https:\/\/welberamaro.com\/index.php\/sobre-mim\/","og_locale":"pt_BR","og_type":"article","og_title":"Sobre mim - Welber Amaro","og_description":"Welber Amaro Santos de Souza \u00e9 um profissional com s\u00f3lida forma\u00e7\u00e3o acad\u00eamica e ampla experi\u00eancia nas \u00e1reas de Administra\u00e7\u00e3o e Tecnologia da Informa\u00e7\u00e3o. Graduado em Administra\u00e7\u00e3o de Empresas pela PUC Minas, possui especializa\u00e7\u00e3o em Inform\u00e1tica Aplicada e mestrado em Educa\u00e7\u00e3o Tecnol\u00f3gica, ambos pelo CEFET-MG. Em sua trajet\u00f3ria profissional, Welber atuou como professor no curso de [&hellip;]","og_url":"https:\/\/welberamaro.com\/index.php\/sobre-mim\/","og_site_name":"Welber Amaro","twitter_card":"summary_large_image","twitter_misc":{"Est. tempo de leitura":"1 minuto"},"schema":{"@context":"https:\/\/schema.org","@graph":[{"@type":"WebPage","@id":"https:\/\/welberamaro.com\/index.php\/sobre-mim\/","url":"https:\/\/welberamaro.com\/index.php\/sobre-mim\/","name":"Sobre mim - Welber Amaro","isPartOf":{"@id":"https:\/\/welberamaro.com\/#website"},"datePublished":"2025-03-19T22:28:56+00:00","breadcrumb":{"@id":"https:\/\/welberamaro.com\/index.php\/sobre-mim\/#breadcrumb"},"inLanguage":"pt-BR","potentialAction":[{"@type":"ReadAction","target":["https:\/\/welberamaro.com\/index.php\/sobre-mim\/"]}]},{"@type":"BreadcrumbList","@id":"https:\/\/welberamaro.com\/index.php\/sobre-mim\/#breadcrumb","itemListElement":[{"@type":"ListItem","position":1,"name":"In\u00edcio","item":"https:\/\/welberamaro.com\/"},{"@type":"ListItem","position":2,"name":"Sobre mim"}]},{"@type":"WebSite","@id":"https:\/\/welberamaro.com\/#website","url":"https:\/\/welberamaro.com\/","name":"Welber Amaro","description":"Apaixonado por tecnologia","potentialAction":[{"@type":"SearchAction","target":{"@type":"EntryPoint","urlTemplate":"https:\/\/welberamaro.com\/?s={search_term_string}"},"query-input":{"@type":"PropertyValueSpecification","valueRequired":true,"valueName":"search_term_string"}}],"inLanguage":"pt-BR"}]}},"_links":{"self":[{"href":"https:\/\/welberamaro.com\/index.php\/wp-json\/wp\/v2\/pages\/276","targetHints":{"allow":["GET"]}}],"collection":[{"href":"https:\/\/welberamaro.com\/index.php\/wp-json\/wp\/v2\/pages"}],"about":[{"href":"https:\/\/welberamaro.com\/index.php\/wp-json\/wp\/v2\/types\/page"}],"author":[{"embeddable":true,"href":"https:\/\/welberamaro.com\/index.php\/wp-json\/wp\/v2\/users\/1"}],"replies":[{"embeddable":true,"href":"https:\/\/welberamaro.com\/index.php\/wp-json\/wp\/v2\/comments?post=276"}],"version-history":[{"count":1,"href":"https:\/\/welberamaro.com\/index.php\/wp-json\/wp\/v2\/pages\/276\/revisions"}],"predecessor-version":[{"id":277,"href":"https:\/\/welberamaro.com\/index.php\/wp-json\/wp\/v2\/pages\/276\/revisions\/277"}],"wp:attachment":[{"href":"https:\/\/welberamaro.com\/index.php\/wp-json\/wp\/v2\/media?parent=276"}],"curies":[{"name":"wp","href":"https:\/\/api.w.org\/{rel}","templated":true}]}}